{"id":17,"date":"2026-03-28T10:04:58","date_gmt":"2026-03-28T10:04:58","guid":{"rendered":"https:\/\/digigreenvet-eu.org\/?page_id=17"},"modified":"2026-03-31T13:44:44","modified_gmt":"2026-03-31T13:44:44","slug":"contact","status":"publish","type":"page","link":"https:\/\/digigreenvet-eu.org\/?page_id=17","title":{"rendered":"Contact"},"content":{"rendered":"\t\t<div data-elementor-type=\"wp-page\" data-elementor-id=\"17\" class=\"elementor elementor-17\">\n\t\t\t\t<div class=\"elementor-element elementor-element-31d945c e-con-full e-flex e-con e-parent\" data-id=\"31d945c\" data-element_type=\"container\" data-e-type=\"container\">\n\t\t\t\t<div class=\"elementor-element elementor-element-abd8c87 elementor-widget elementor-widget-google_maps\" data-id=\"abd8c87\" data-element_type=\"widget\" data-e-type=\"widget\" data-widget_type=\"google_maps.default\">\n\t\t\t\t\t\t\t<div class=\"elementor-custom-embed\">\n\t\t\t<iframe loading=\"lazy\"\n\t\t\t\t\tsrc=\"https:\/\/maps.google.com\/maps?q=Mavrokordatou%201%20-%203%2C%20Postal%20Code%2010678&#038;t=m&#038;z=12&#038;output=embed&#038;iwloc=near\"\n\t\t\t\t\ttitle=\"Mavrokordatou 1 - 3, Postal Code 10678\"\n\t\t\t\t\taria-label=\"Mavrokordatou 1 - 3, Postal Code 10678\"\n\t\t\t><\/iframe>\n\t\t<\/div>\n\t\t\t\t\t\t<\/div>\n\t\t\t\t<\/div>\n\t\t<div class=\"elementor-element elementor-element-01dbb43 e-flex e-con-boxed e-con e-parent\" data-id=\"01dbb43\" data-element_type=\"container\" data-e-type=\"container\">\n\t\t\t\t\t<div class=\"e-con-inner\">\n\t\t\t\t<div class=\"elementor-element elementor-element-3cb0862 elementor-widget elementor-widget-spacer\" data-id=\"3cb0862\" data-element_type=\"widget\" data-e-type=\"widget\" data-widget_type=\"spacer.default\">\n\t\t\t\t\t\t\t<div class=\"elementor-spacer\">\n\t\t\t<div class=\"elementor-spacer-inner\"><\/div>\n\t\t<\/div>\n\t\t\t\t\t\t<\/div>\n\t\t\t\t\t<\/div>\n\t\t\t\t<\/div>\n\t\t<div class=\"elementor-element elementor-element-d5c326a e-flex e-con-boxed e-con e-parent\" data-id=\"d5c326a\" data-element_type=\"container\" data-e-type=\"container\">\n\t\t\t\t\t<div class=\"e-con-inner\">\n\t\t\t\t<div class=\"elementor-element elementor-element-2a9539d elementor-widget elementor-widget-text-editor\" data-id=\"2a9539d\" data-element_type=\"widget\" data-e-type=\"widget\" data-widget_type=\"text-editor.default\">\n\t\t\t\t\t\t\t\t\t<h2>CONTACT US<\/h2>\t\t\t\t\t\t\t\t<\/div>\n\t\t\t\t\t<\/div>\n\t\t\t\t<\/div>\n\t\t<div class=\"elementor-element elementor-element-1605256 e-flex e-con-boxed e-con e-parent\" data-id=\"1605256\" data-element_type=\"container\" data-e-type=\"container\">\n\t\t\t\t\t<div class=\"e-con-inner\">\n\t\t\t\t<div class=\"elementor-element elementor-element-9499ab0 elementor-widget-divider--view-line elementor-widget elementor-widget-divider\" data-id=\"9499ab0\" data-element_type=\"widget\" data-e-type=\"widget\" data-widget_type=\"divider.default\">\n\t\t\t\t\t\t\t<div class=\"elementor-divider\">\n\t\t\t<span class=\"elementor-divider-separator\">\n\t\t\t\t\t\t<\/span>\n\t\t<\/div>\n\t\t\t\t\t\t<\/div>\n\t\t\t\t\t<\/div>\n\t\t\t\t<\/div>\n\t\t<div class=\"elementor-element elementor-element-6b7fcda e-flex e-con-boxed e-con e-parent\" data-id=\"6b7fcda\" data-element_type=\"container\" data-e-type=\"container\">\n\t\t\t\t\t<div class=\"e-con-inner\">\n\t\t<div class=\"elementor-element elementor-element-7f13b21 e-con-full e-flex e-con e-child\" data-id=\"7f13b21\" data-element_type=\"container\" data-e-type=\"container\">\n\t\t\t\t<div class=\"elementor-element elementor-element-b3927f6 elementor-widget elementor-widget-text-editor\" data-id=\"b3927f6\" data-element_type=\"widget\" data-e-type=\"widget\" data-widget_type=\"text-editor.default\">\n\t\t\t\t\t\t\t\t\t<p><img decoding=\"async\" class=\"aligncenter\" src=\"https:\/\/digigreenvet-eu.org\/wp-content\/themes\/neve\/assets\/img\/starter-content\/neve-marketing-icon-7.png\" alt=\"\" \/><\/p>\n<p><strong>Call Us<\/strong><\/p>\n<p><strong>210 9769510<\/strong><\/p>\t\t\t\t\t\t\t\t<\/div>\n\t\t\t\t<\/div>\n\t\t<div class=\"elementor-element elementor-element-a76a38d e-con-full e-flex e-con e-child\" data-id=\"a76a38d\" data-element_type=\"container\" data-e-type=\"container\">\n\t\t\t\t<div class=\"elementor-element elementor-element-6c0ec1e elementor-widget elementor-widget-text-editor\" data-id=\"6c0ec1e\" data-element_type=\"widget\" data-e-type=\"widget\" data-widget_type=\"text-editor.default\">\n\t\t\t\t\t\t\t\t\t<p><img decoding=\"async\" class=\"aligncenter\" src=\"https:\/\/digigreenvet-eu.org\/wp-content\/themes\/neve\/assets\/img\/starter-content\/neve-marketing-icon-5.png\" alt=\"\" \/> <strong>E-Mail<\/strong><\/p>\n<p><a href=\"mailto:info@ueducation.gr\"><span dir=\"auto\">info@ueducation.gr<\/span><\/a><\/p>\t\t\t\t\t\t\t\t<\/div>\n\t\t\t\t<\/div>\n\t\t<div class=\"elementor-element elementor-element-b8db20d e-con-full e-flex e-con e-child\" data-id=\"b8db20d\" data-element_type=\"container\" data-e-type=\"container\">\n\t\t\t\t<div class=\"elementor-element elementor-element-57a18a9 elementor-widget elementor-widget-text-editor\" data-id=\"57a18a9\" data-element_type=\"widget\" data-e-type=\"widget\" data-widget_type=\"text-editor.default\">\n\t\t\t\t\t\t\t\t\t<p><img decoding=\"async\" class=\"aligncenter\" src=\"https:\/\/digigreenvet-eu.org\/wp-content\/themes\/neve\/assets\/img\/starter-content\/neve-marketing-icon-6.png\" alt=\"\" \/><strong>Offices<\/strong><\/p>\n<p><span dir=\"auto\">Mavrokordatou 1 &#8211; 3,<\/span><br \/><span dir=\"auto\">Postal Code 10678<\/span><\/p>\t\t\t\t\t\t\t\t<\/div>\n\t\t\t\t<\/div>\n\t\t\t\t\t<\/div>\n\t\t\t\t<\/div>\n\t\t<div class=\"elementor-element elementor-element-0e5820f e-flex e-con-boxed e-con e-parent\" data-id=\"0e5820f\" data-element_type=\"container\" data-e-type=\"container\">\n\t\t\t\t\t<div class=\"e-con-inner\">\n\t\t\t\t<div class=\"elementor-element elementor-element-4aa728f elementor-widget elementor-widget-spacer\" data-id=\"4aa728f\" data-element_type=\"widget\" data-e-type=\"widget\" data-widget_type=\"spacer.default\">\n\t\t\t\t\t\t\t<div class=\"elementor-spacer\">\n\t\t\t<div class=\"elementor-spacer-inner\"><\/div>\n\t\t<\/div>\n\t\t\t\t\t\t<\/div>\n\t\t\t\t\t<\/div>\n\t\t\t\t<\/div>\n\t\t<div class=\"elementor-element elementor-element-23e30a1 e-flex e-con-boxed e-con e-parent\" data-id=\"23e30a1\" data-element_type=\"container\" data-e-type=\"container\">\n\t\t\t\t\t<div class=\"e-con-inner\">\n\t\t\t\t<div class=\"elementor-element elementor-element-2a9ca51 elementor-widget elementor-widget-html\" data-id=\"2a9ca51\" data-element_type=\"widget\" data-e-type=\"widget\" data-widget_type=\"html.default\">\n\t\t\t\t\t<!DOCTYPE html>\r\n<html lang=\"sq\">\r\n<head>\r\n    <meta charset=\"UTF-8\">\r\n    <meta name=\"viewport\" content=\"width=device-width, initial-scale=1.0\">\r\n    <title>Social Media Links<\/title>\r\n    <link rel=\"stylesheet\" href=\"https:\/\/cdnjs.cloudflare.com\/ajax\/libs\/font-awesome\/6.4.2\/css\/all.min.css\">\r\n    \r\n    <style>\r\n        .social-container {\r\n            display: flex;\r\n            justify-content: center;\r\n            align-items: center;\r\n            gap: 20px;\r\n            padding: 20px;\r\n            flex-wrap: wrap; \/* Siguron q\u00eb n\u00eb celular\u00eb t\u00eb kalojn\u00eb n\u00eb rresht t\u00eb ri n\u00ebse s'ka hap\u00ebsir\u00eb *\/\r\n        }\r\n\r\n        .social-link {\r\n            text-decoration: none;\r\n            color: #333;\r\n            font-size: 30px; \/* Madh\u00ebsia e ikonave *\/\r\n            transition: transform 0.3s ease, color 0.3s ease;\r\n        }\r\n\r\n        \/* Ngjyrat dhe efekti 'hover' p\u00ebr secil\u00ebn platform\u00eb *\/\r\n        .instagram:hover { color: #E1306C; transform: translateY(-5px); }\r\n        .twitter:hover { color: #1DA1F2; transform: translateY(-5px); }\r\n        .linkedin:hover { color: #0077B5; transform: translateY(-5px); }\r\n        .facebook:hover { color: #1877F2; transform: translateY(-5px); }\r\n\r\n        \/* P\u00ebrshtatja p\u00ebr Mobile (opsionale, pasi flex-wrap e b\u00ebn pun\u00ebn) *\/\r\n        @media (max-width: 480px) {\r\n            .social-link {\r\n                font-size: 35px; \/* Pak m\u00eb t\u00eb m\u00ebdha p\u00ebr t'u klikuar m\u00eb leht\u00eb me gisht *\/\r\n                gap: 25px;\r\n            }\r\n        }\r\n    <\/style>\r\n<\/head>\r\n<body>\r\n\r\n<div class=\"social-container\">\r\n    <a href=\"https:\/\/www.instagram.com\/digigreenvetproject\/\" class=\"social-link instagram\" target=\"_blank\">\r\n        <i class=\"fab fa-instagram\"><\/i>\r\n    <\/a>\r\n    <a href=\"https:\/\/x.com\/DigiGreenVET\" class=\"social-link twitter\" target=\"_blank\">\r\n        <i class=\"fab fa-x-twitter\"><\/i>\r\n    <\/a>\r\n    <a href=\"https:\/\/www.linkedin.com\/company\/digigreenvet-project\/\" class=\"social-link linkedin\" target=\"_blank\">\r\n        <i class=\"fab fa-linkedin\"><\/i>\r\n    <\/a>\r\n    <a href=\"https:\/\/www.facebook.com\/profile.php?id=61587369295332\" class=\"social-link facebook\" target=\"_blank\">\r\n        <i class=\"fab fa-facebook\"><\/i>\r\n    <\/a>\r\n<\/div>\r\n\r\n<\/body>\r\n<\/html>\t\t\t\t<\/div>\n\t\t\t\t\t<\/div>\n\t\t\t\t<\/div>\n\t\t\t\t<\/div>\n\t\t","protected":false},"excerpt":{"rendered":"<p>CONTACT US Call Us 210 9769510 E-Mail info@ueducation.gr Offices Mavrokordatou 1 &#8211; 3,Postal Code 10678 Social Media Links<\/p>\n","protected":false},"author":2,"featured_media":0,"parent":0,"menu_order":0,"comment_status":"closed","ping_status":"closed","template":"","meta":{"neve_meta_sidebar":"","neve_meta_container":"","neve_meta_enable_content_width":"on","neve_meta_content_width":100,"neve_meta_title_alignment":"","neve_meta_author_avatar":"","neve_post_elements_order":"","neve_meta_disable_header":"","neve_meta_disable_footer":"","neve_meta_disable_title":"on","footnotes":""},"class_list":["post-17","page","type-page","status-publish","hentry"],"yoast_head":"<!-- This site is optimized with the Yoast SEO plugin v27.5 - https:\/\/yoast.com\/product\/yoast-seo-wordpress\/ -->\n<title>Contact -<\/title>\n<meta name=\"robots\" content=\"index, follow, max-snippet:-1, max-image-preview:large, max-video-preview:-1\" \/>\n<link rel=\"canonical\" href=\"https:\/\/digigreenvet-eu.org\/?page_id=17\" \/>\n<meta property=\"og:locale\" content=\"en_US\" \/>\n<meta property=\"og:type\" content=\"article\" \/>\n<meta property=\"og:title\" content=\"Contact -\" \/>\n<meta property=\"og:description\" content=\"CONTACT US Call Us 210 9769510 E-Mail info@ueducation.gr Offices Mavrokordatou 1 &#8211; 3,Postal Code 10678 Social Media Links\" \/>\n<meta property=\"og:url\" content=\"https:\/\/digigreenvet-eu.org\/?page_id=17\" \/>\n<meta property=\"article:modified_time\" content=\"2026-03-31T13:44:44+00:00\" \/>\n<meta property=\"og:image\" content=\"https:\/\/digigreenvet-eu.org\/wp-content\/themes\/neve\/assets\/img\/starter-content\/neve-marketing-icon-7.png\" \/>\n<meta name=\"twitter:card\" content=\"summary_large_image\" \/>\n<meta name=\"twitter:label1\" content=\"Est. reading time\" \/>\n\t<meta name=\"twitter:data1\" content=\"1 minute\" \/>\n<script type=\"application\/ld+json\" class=\"yoast-schema-graph\">{\"@context\":\"https:\\\/\\\/schema.org\",\"@graph\":[{\"@type\":\"WebPage\",\"@id\":\"https:\\\/\\\/digigreenvet-eu.org\\\/?page_id=17\",\"url\":\"https:\\\/\\\/digigreenvet-eu.org\\\/?page_id=17\",\"name\":\"Contact -\",\"isPartOf\":{\"@id\":\"https:\\\/\\\/digigreenvet-eu.org\\\/#website\"},\"primaryImageOfPage\":{\"@id\":\"https:\\\/\\\/digigreenvet-eu.org\\\/?page_id=17#primaryimage\"},\"image\":{\"@id\":\"https:\\\/\\\/digigreenvet-eu.org\\\/?page_id=17#primaryimage\"},\"thumbnailUrl\":\"https:\\\/\\\/digigreenvet-eu.org\\\/wp-content\\\/themes\\\/neve\\\/assets\\\/img\\\/starter-content\\\/neve-marketing-icon-7.png\",\"datePublished\":\"2026-03-28T10:04:58+00:00\",\"dateModified\":\"2026-03-31T13:44:44+00:00\",\"breadcrumb\":{\"@id\":\"https:\\\/\\\/digigreenvet-eu.org\\\/?page_id=17#breadcrumb\"},\"inLanguage\":\"en-US\",\"potentialAction\":[{\"@type\":\"ReadAction\",\"target\":[\"https:\\\/\\\/digigreenvet-eu.org\\\/?page_id=17\"]}]},{\"@type\":\"ImageObject\",\"inLanguage\":\"en-US\",\"@id\":\"https:\\\/\\\/digigreenvet-eu.org\\\/?page_id=17#primaryimage\",\"url\":\"https:\\\/\\\/digigreenvet-eu.org\\\/wp-content\\\/themes\\\/neve\\\/assets\\\/img\\\/starter-content\\\/neve-marketing-icon-7.png\",\"contentUrl\":\"https:\\\/\\\/digigreenvet-eu.org\\\/wp-content\\\/themes\\\/neve\\\/assets\\\/img\\\/starter-content\\\/neve-marketing-icon-7.png\"},{\"@type\":\"BreadcrumbList\",\"@id\":\"https:\\\/\\\/digigreenvet-eu.org\\\/?page_id=17#breadcrumb\",\"itemListElement\":[{\"@type\":\"ListItem\",\"position\":1,\"name\":\"Home\",\"item\":\"https:\\\/\\\/digigreenvet-eu.org\\\/\"},{\"@type\":\"ListItem\",\"position\":2,\"name\":\"Contact\"}]},{\"@type\":\"WebSite\",\"@id\":\"https:\\\/\\\/digigreenvet-eu.org\\\/#website\",\"url\":\"https:\\\/\\\/digigreenvet-eu.org\\\/\",\"name\":\"\",\"description\":\"\",\"potentialAction\":[{\"@type\":\"SearchAction\",\"target\":{\"@type\":\"EntryPoint\",\"urlTemplate\":\"https:\\\/\\\/digigreenvet-eu.org\\\/?s={search_term_string}\"},\"query-input\":{\"@type\":\"PropertyValueSpecification\",\"valueRequired\":true,\"valueName\":\"search_term_string\"}}],\"inLanguage\":\"en-US\"}]}<\/script>\n<!-- \/ Yoast SEO plugin. -->","yoast_head_json":{"title":"Contact -","robots":{"index":"index","follow":"follow","max-snippet":"max-snippet:-1","max-image-preview":"max-image-preview:large","max-video-preview":"max-video-preview:-1"},"canonical":"https:\/\/digigreenvet-eu.org\/?page_id=17","og_locale":"en_US","og_type":"article","og_title":"Contact -","og_description":"CONTACT US Call Us 210 9769510 E-Mail info@ueducation.gr Offices Mavrokordatou 1 &#8211; 3,Postal Code 10678 Social Media Links","og_url":"https:\/\/digigreenvet-eu.org\/?page_id=17","article_modified_time":"2026-03-31T13:44:44+00:00","og_image":[{"url":"https:\/\/digigreenvet-eu.org\/wp-content\/themes\/neve\/assets\/img\/starter-content\/neve-marketing-icon-7.png","type":"","width":"","height":""}],"twitter_card":"summary_large_image","twitter_misc":{"Est. reading time":"1 minute"},"schema":{"@context":"https:\/\/schema.org","@graph":[{"@type":"WebPage","@id":"https:\/\/digigreenvet-eu.org\/?page_id=17","url":"https:\/\/digigreenvet-eu.org\/?page_id=17","name":"Contact -","isPartOf":{"@id":"https:\/\/digigreenvet-eu.org\/#website"},"primaryImageOfPage":{"@id":"https:\/\/digigreenvet-eu.org\/?page_id=17#primaryimage"},"image":{"@id":"https:\/\/digigreenvet-eu.org\/?page_id=17#primaryimage"},"thumbnailUrl":"https:\/\/digigreenvet-eu.org\/wp-content\/themes\/neve\/assets\/img\/starter-content\/neve-marketing-icon-7.png","datePublished":"2026-03-28T10:04:58+00:00","dateModified":"2026-03-31T13:44:44+00:00","breadcrumb":{"@id":"https:\/\/digigreenvet-eu.org\/?page_id=17#breadcrumb"},"inLanguage":"en-US","potentialAction":[{"@type":"ReadAction","target":["https:\/\/digigreenvet-eu.org\/?page_id=17"]}]},{"@type":"ImageObject","inLanguage":"en-US","@id":"https:\/\/digigreenvet-eu.org\/?page_id=17#primaryimage","url":"https:\/\/digigreenvet-eu.org\/wp-content\/themes\/neve\/assets\/img\/starter-content\/neve-marketing-icon-7.png","contentUrl":"https:\/\/digigreenvet-eu.org\/wp-content\/themes\/neve\/assets\/img\/starter-content\/neve-marketing-icon-7.png"},{"@type":"BreadcrumbList","@id":"https:\/\/digigreenvet-eu.org\/?page_id=17#breadcrumb","itemListElement":[{"@type":"ListItem","position":1,"name":"Home","item":"https:\/\/digigreenvet-eu.org\/"},{"@type":"ListItem","position":2,"name":"Contact"}]},{"@type":"WebSite","@id":"https:\/\/digigreenvet-eu.org\/#website","url":"https:\/\/digigreenvet-eu.org\/","name":"","description":"","potentialAction":[{"@type":"SearchAction","target":{"@type":"EntryPoint","urlTemplate":"https:\/\/digigreenvet-eu.org\/?s={search_term_string}"},"query-input":{"@type":"PropertyValueSpecification","valueRequired":true,"valueName":"search_term_string"}}],"inLanguage":"en-US"}]}},"_links":{"self":[{"href":"https:\/\/digigreenvet-eu.org\/index.php?rest_route=\/wp\/v2\/pages\/17","targetHints":{"allow":["GET"]}}],"collection":[{"href":"https:\/\/digigreenvet-eu.org\/index.php?rest_route=\/wp\/v2\/pages"}],"about":[{"href":"https:\/\/digigreenvet-eu.org\/index.php?rest_route=\/wp\/v2\/types\/page"}],"author":[{"embeddable":true,"href":"https:\/\/digigreenvet-eu.org\/index.php?rest_route=\/wp\/v2\/users\/2"}],"replies":[{"embeddable":true,"href":"https:\/\/digigreenvet-eu.org\/index.php?rest_route=%2Fwp%2Fv2%2Fcomments&post=17"}],"version-history":[{"count":16,"href":"https:\/\/digigreenvet-eu.org\/index.php?rest_route=\/wp\/v2\/pages\/17\/revisions"}],"predecessor-version":[{"id":327,"href":"https:\/\/digigreenvet-eu.org\/index.php?rest_route=\/wp\/v2\/pages\/17\/revisions\/327"}],"wp:attachment":[{"href":"https:\/\/digigreenvet-eu.org\/index.php?rest_route=%2Fwp%2Fv2%2Fmedia&parent=17"}],"curies":[{"name":"wp","href":"https:\/\/api.w.org\/{rel}","templated":true}]}}