{"id":77,"date":"2026-03-28T10:26:59","date_gmt":"2026-03-28T10:26:59","guid":{"rendered":"https:\/\/digigreenvet-eu.org\/?page_id=77"},"modified":"2026-03-31T14:37:11","modified_gmt":"2026-03-31T14:37:11","slug":"partners","status":"publish","type":"page","link":"https:\/\/digigreenvet-eu.org\/?page_id=77","title":{"rendered":"Partners"},"content":{"rendered":"\t\t<div data-elementor-type=\"wp-page\" data-elementor-id=\"77\" class=\"elementor elementor-77\">\n\t\t\t\t<div class=\"elementor-element elementor-element-78dfbd3 e-flex e-con-boxed e-con e-parent\" data-id=\"78dfbd3\" data-element_type=\"container\" data-e-type=\"container\">\n\t\t\t\t\t<div class=\"e-con-inner\">\n\t\t\t\t<div class=\"elementor-element elementor-element-e00aa82 elementor-widget elementor-widget-html\" data-id=\"e00aa82\" data-element_type=\"widget\" data-e-type=\"widget\" data-widget_type=\"html.default\">\n\t\t\t\t\t<style>\r\n    \/* ... stilet tuaja ekzistuese ... *\/\r\n    .partners-wrapper {\r\n        font-family: 'Segoe UI', Arial, sans-serif;\r\n        padding: 60px 20px;\r\n        background-color: #f4f4f4;\r\n        border-radius: 10px;\r\n    }\r\n\r\n    .partners-title {\r\n        text-align: center;\r\n        color: #2c3e50;\r\n        margin-bottom: 40px;\r\n        font-size: 28px;\r\n        font-weight: bold;\r\n        text-transform: uppercase;\r\n    }\r\n\r\n    .partners-grid {\r\n        display: grid;\r\n        grid-template-columns: repeat(auto-fit, minmax(280px, 1fr));\r\n        gap: 25px;\r\n        max-width: 1200px;\r\n        margin: 0 auto;\r\n    }\r\n\r\n    \/* Shtova k\u00ebt\u00eb klas\u00eb p\u00ebr t\u00eb hequr n\u00ebnvizimin e linkut *\/\r\n    .partner-link {\r\n        text-decoration: none;\r\n        color: inherit;\r\n        display: block;\r\n    }\r\n\r\n    .partner-item {\r\n        background: #ffffff;\r\n        border-radius: 12px;\r\n        padding: 20px;\r\n        display: flex;\r\n        flex-direction: column;\r\n        align-items: center;\r\n        justify-content: center;\r\n        height: 200px;\r\n        transition: transform 0.3s ease, box-shadow 0.3s ease;\r\n        box-shadow: 0 4px 6px rgba(0,0,0,0.05);\r\n    }\r\n\r\n    .partner-item:hover {\r\n        transform: translateY(-5px);\r\n        box-shadow: 0 10px 20px rgba(0,0,0,0.1);\r\n    }\r\n\r\n    .img-box {\r\n        width: 100%;\r\n        height: 120px;\r\n        display: flex;\r\n        align-items: center;\r\n        justify-content: center;\r\n        margin-bottom: 15px;\r\n        border-radius: 6px;\r\n        overflow: hidden;\r\n        padding: 10px;\r\n    }\r\n\r\n    .dark-bg {\r\n        background-color: #1a1a1a !important;\r\n    }\r\n\r\n    .partner-img {\r\n        max-width: 100%;\r\n        max-height: 100px;\r\n        object-fit: contain;\r\n    }\r\n\r\n    .partner-label {\r\n        font-size: 14px;\r\n        color: #34495e;\r\n        text-align: center;\r\n        font-weight: 600;\r\n        margin: 0;\r\n        line-height: 1.3;\r\n    }\r\n<\/style>\r\n\r\n<div class=\"partners-wrapper\">\r\n    <h2 class=\"partners-title\">PARTNERS<\/h2>\r\n    \r\n    <div class=\"partners-grid\">\r\n        \r\n        <a href=\"https:\/\/digigreenvet-eu.org\/?page_id=328\" class=\"partner-link\">\r\n            <div class=\"partner-item\">\r\n                <div class=\"img-box\">\r\n                    <img decoding=\"async\" src=\"https:\/\/digigreenvet-eu.org\/wp-content\/uploads\/2026\/03\/L1.jpg\" alt=\"Arsinoe\" class=\"partner-img\">\r\n                <\/div>\r\n                <p class=\"partner-label\">UNIVERSAL EDUCATION S.A. (Greece) \r\n                   <br> Project Coordinator <\/p>\r\n            <\/div>\r\n        <\/a>\r\n\r\n        <a href=\"https:\/\/digigreenvet-eu.org\/?page_id=345\" class=\"partner-link\">\r\n            <div class=\"partner-item\">\r\n                <div class=\"img-box\">\r\n                    <img decoding=\"async\" src=\"https:\/\/digigreenvet-eu.org\/wp-content\/uploads\/2026\/03\/u2.jpg\" alt=\"Universal Education\" class=\"partner-img\">\r\n                <\/div>\r\n                <p class=\"partner-label\">European University of Tirana <br>(UET, Albania) <\/p>\r\n            <\/div>\r\n        <\/a>\r\n\r\n        <a href=\"https:\/\/digigreenvet-eu.org\/?page_id=357\" class=\"partner-link\">\r\n            <div class=\"partner-item\">\r\n                <div class=\"img-box \">\r\n                    <img decoding=\"async\" src=\"https:\/\/digigreenvet-eu.org\/wp-content\/uploads\/2026\/03\/tbu.png\" alt=\"European University of Tirana\" class=\"partner-img\">\r\n                <\/div>\r\n                <p class=\"partner-label\">Tirana Business University <br> (TBU, Albania) <\/p>\r\n            <\/div>\r\n        <\/a>\r\n\r\n        <a href=\"https:\/\/digigreenvet-eu.org\/?page_id=365\" class=\"partner-link\">\r\n            <div class=\"partner-item\">\r\n                <div class=\"img-box\">\r\n                    <img decoding=\"async\" src=\"https:\/\/digigreenvet-eu.org\/wp-content\/uploads\/2026\/03\/a-l.jpg\" alt=\"Tirana Business University\" class=\"partner-img\">\r\n                <\/div>\r\n                <p class=\"partner-label\">SD ARSINOE SUSTAINABLE DEVELOPMENT LTD <\/p>\r\n            <\/div>\r\n        <\/a>\r\n\r\n        <a href=\"https:\/\/digigreenvet-eu.org\/?page_id=375\" class=\"partner-link\">\r\n            <div class=\"partner-item\">\r\n                <div class=\"img-box\">\r\n                    <img decoding=\"async\" src=\"https:\/\/digigreenvet-eu.org\/wp-content\/uploads\/2026\/03\/e-l.jpg\" alt=\"Ministria e Ekonomise Kultures dhe Inovacionit\" class=\"partner-img\">\r\n                <\/div>\r\n                <p class=\"partner-label\">Professional School Elbasan <br>(SHPE, Albania) <\/p>\r\n            <\/div>\r\n        <\/a>\r\n\r\n        <a href=\"https:\/\/digigreenvet-eu.org\/?page_id=393\" class=\"partner-link\">\r\n            <div class=\"partner-item\">\r\n                <div class=\"img-box\">\r\n                    <img decoding=\"async\" src=\"https:\/\/digigreenvet-eu.org\/wp-content\/uploads\/2026\/03\/n-l.jpg\" alt=\"Shkolla Profesionale e Elbasanit\" class=\"partner-img\">\r\n                <\/div>\r\n                <p class=\"partner-label\">NexusEdu (Albania) <\/p>\r\n            <\/div>\r\n        <\/a>\r\n\r\n    <\/div>\r\n<\/div>\t\t\t\t<\/div>\n\t\t\t\t\t<\/div>\n\t\t\t\t<\/div>\n\t\t\t\t<\/div>\n\t\t","protected":false},"excerpt":{"rendered":"<p>PARTNERS UNIVERSAL EDUCATION S.A. (Greece) Project Coordinator European University of Tirana (UET, Albania) Tirana Business University (TBU, Albania) SD ARSINOE SUSTAINABLE DEVELOPMENT LTD Professional School Elbasan (SHPE, Albania) NexusEdu (Albania)<\/p>\n","protected":false},"author":2,"featured_media":0,"parent":0,"menu_order":0,"comment_status":"closed","ping_status":"closed","template":"elementor_header_footer","meta":{"neve_meta_sidebar":"","neve_meta_container":"","neve_meta_enable_content_width":"off","neve_meta_content_width":100,"neve_meta_title_alignment":"","neve_meta_author_avatar":"","neve_post_elements_order":"","neve_meta_disable_header":"","neve_meta_disable_footer":"","neve_meta_disable_title":"","footnotes":""},"class_list":["post-77","page","type-page","status-publish","hentry"],"yoast_head":"<!-- This site is optimized with the Yoast SEO plugin v27.5 - https:\/\/yoast.com\/product\/yoast-seo-wordpress\/ -->\n<title>Partners -<\/title>\n<meta name=\"robots\" content=\"index, follow, max-snippet:-1, max-image-preview:large, max-video-preview:-1\" \/>\n<link rel=\"canonical\" href=\"https:\/\/digigreenvet-eu.org\/?page_id=77\" \/>\n<meta property=\"og:locale\" content=\"en_US\" \/>\n<meta property=\"og:type\" content=\"article\" \/>\n<meta property=\"og:title\" content=\"Partners -\" \/>\n<meta property=\"og:description\" content=\"PARTNERS UNIVERSAL EDUCATION S.A. (Greece) Project Coordinator European University of Tirana (UET, Albania) Tirana Business University (TBU, Albania) SD ARSINOE SUSTAINABLE DEVELOPMENT LTD Professional School Elbasan (SHPE, Albania) NexusEdu (Albania)\" \/>\n<meta property=\"og:url\" content=\"https:\/\/digigreenvet-eu.org\/?page_id=77\" \/>\n<meta property=\"article:modified_time\" content=\"2026-03-31T14:37:11+00:00\" \/>\n<meta property=\"og:image\" content=\"https:\/\/digigreenvet-eu.org\/wp-content\/uploads\/2026\/03\/L1.jpg\" \/>\n<meta name=\"twitter:card\" content=\"summary_large_image\" \/>\n<meta name=\"twitter:label1\" content=\"Est. reading time\" \/>\n\t<meta name=\"twitter:data1\" content=\"3 minutes\" \/>\n<script type=\"application\/ld+json\" class=\"yoast-schema-graph\">{\"@context\":\"https:\\\/\\\/schema.org\",\"@graph\":[{\"@type\":\"WebPage\",\"@id\":\"https:\\\/\\\/digigreenvet-eu.org\\\/?page_id=77\",\"url\":\"https:\\\/\\\/digigreenvet-eu.org\\\/?page_id=77\",\"name\":\"Partners -\",\"isPartOf\":{\"@id\":\"https:\\\/\\\/digigreenvet-eu.org\\\/#website\"},\"primaryImageOfPage\":{\"@id\":\"https:\\\/\\\/digigreenvet-eu.org\\\/?page_id=77#primaryimage\"},\"image\":{\"@id\":\"https:\\\/\\\/digigreenvet-eu.org\\\/?page_id=77#primaryimage\"},\"thumbnailUrl\":\"https:\\\/\\\/digigreenvet-eu.org\\\/wp-content\\\/uploads\\\/2026\\\/03\\\/L1.jpg\",\"datePublished\":\"2026-03-28T10:26:59+00:00\",\"dateModified\":\"2026-03-31T14:37:11+00:00\",\"breadcrumb\":{\"@id\":\"https:\\\/\\\/digigreenvet-eu.org\\\/?page_id=77#breadcrumb\"},\"inLanguage\":\"en-US\",\"potentialAction\":[{\"@type\":\"ReadAction\",\"target\":[\"https:\\\/\\\/digigreenvet-eu.org\\\/?page_id=77\"]}]},{\"@type\":\"ImageObject\",\"inLanguage\":\"en-US\",\"@id\":\"https:\\\/\\\/digigreenvet-eu.org\\\/?page_id=77#primaryimage\",\"url\":\"https:\\\/\\\/digigreenvet-eu.org\\\/wp-content\\\/uploads\\\/2026\\\/03\\\/L1.jpg\",\"contentUrl\":\"https:\\\/\\\/digigreenvet-eu.org\\\/wp-content\\\/uploads\\\/2026\\\/03\\\/L1.jpg\",\"width\":232,\"height\":87},{\"@type\":\"BreadcrumbList\",\"@id\":\"https:\\\/\\\/digigreenvet-eu.org\\\/?page_id=77#breadcrumb\",\"itemListElement\":[{\"@type\":\"ListItem\",\"position\":1,\"name\":\"Home\",\"item\":\"https:\\\/\\\/digigreenvet-eu.org\\\/\"},{\"@type\":\"ListItem\",\"position\":2,\"name\":\"Partners\"}]},{\"@type\":\"WebSite\",\"@id\":\"https:\\\/\\\/digigreenvet-eu.org\\\/#website\",\"url\":\"https:\\\/\\\/digigreenvet-eu.org\\\/\",\"name\":\"\",\"description\":\"\",\"potentialAction\":[{\"@type\":\"SearchAction\",\"target\":{\"@type\":\"EntryPoint\",\"urlTemplate\":\"https:\\\/\\\/digigreenvet-eu.org\\\/?s={search_term_string}\"},\"query-input\":{\"@type\":\"PropertyValueSpecification\",\"valueRequired\":true,\"valueName\":\"search_term_string\"}}],\"inLanguage\":\"en-US\"}]}<\/script>\n<!-- \/ Yoast SEO plugin. -->","yoast_head_json":{"title":"Partners -","robots":{"index":"index","follow":"follow","max-snippet":"max-snippet:-1","max-image-preview":"max-image-preview:large","max-video-preview":"max-video-preview:-1"},"canonical":"https:\/\/digigreenvet-eu.org\/?page_id=77","og_locale":"en_US","og_type":"article","og_title":"Partners -","og_description":"PARTNERS UNIVERSAL EDUCATION S.A. (Greece) Project Coordinator European University of Tirana (UET, Albania) Tirana Business University (TBU, Albania) SD ARSINOE SUSTAINABLE DEVELOPMENT LTD Professional School Elbasan (SHPE, Albania) NexusEdu (Albania)","og_url":"https:\/\/digigreenvet-eu.org\/?page_id=77","article_modified_time":"2026-03-31T14:37:11+00:00","og_image":[{"url":"https:\/\/digigreenvet-eu.org\/wp-content\/uploads\/2026\/03\/L1.jpg","type":"","width":"","height":""}],"twitter_card":"summary_large_image","twitter_misc":{"Est. reading time":"3 minutes"},"schema":{"@context":"https:\/\/schema.org","@graph":[{"@type":"WebPage","@id":"https:\/\/digigreenvet-eu.org\/?page_id=77","url":"https:\/\/digigreenvet-eu.org\/?page_id=77","name":"Partners -","isPartOf":{"@id":"https:\/\/digigreenvet-eu.org\/#website"},"primaryImageOfPage":{"@id":"https:\/\/digigreenvet-eu.org\/?page_id=77#primaryimage"},"image":{"@id":"https:\/\/digigreenvet-eu.org\/?page_id=77#primaryimage"},"thumbnailUrl":"https:\/\/digigreenvet-eu.org\/wp-content\/uploads\/2026\/03\/L1.jpg","datePublished":"2026-03-28T10:26:59+00:00","dateModified":"2026-03-31T14:37:11+00:00","breadcrumb":{"@id":"https:\/\/digigreenvet-eu.org\/?page_id=77#breadcrumb"},"inLanguage":"en-US","potentialAction":[{"@type":"ReadAction","target":["https:\/\/digigreenvet-eu.org\/?page_id=77"]}]},{"@type":"ImageObject","inLanguage":"en-US","@id":"https:\/\/digigreenvet-eu.org\/?page_id=77#primaryimage","url":"https:\/\/digigreenvet-eu.org\/wp-content\/uploads\/2026\/03\/L1.jpg","contentUrl":"https:\/\/digigreenvet-eu.org\/wp-content\/uploads\/2026\/03\/L1.jpg","width":232,"height":87},{"@type":"BreadcrumbList","@id":"https:\/\/digigreenvet-eu.org\/?page_id=77#breadcrumb","itemListElement":[{"@type":"ListItem","position":1,"name":"Home","item":"https:\/\/digigreenvet-eu.org\/"},{"@type":"ListItem","position":2,"name":"Partners"}]},{"@type":"WebSite","@id":"https:\/\/digigreenvet-eu.org\/#website","url":"https:\/\/digigreenvet-eu.org\/","name":"","description":"","potentialAction":[{"@type":"SearchAction","target":{"@type":"EntryPoint","urlTemplate":"https:\/\/digigreenvet-eu.org\/?s={search_term_string}"},"query-input":{"@type":"PropertyValueSpecification","valueRequired":true,"valueName":"search_term_string"}}],"inLanguage":"en-US"}]}},"_links":{"self":[{"href":"https:\/\/digigreenvet-eu.org\/index.php?rest_route=\/wp\/v2\/pages\/77","targetHints":{"allow":["GET"]}}],"collection":[{"href":"https:\/\/digigreenvet-eu.org\/index.php?rest_route=\/wp\/v2\/pages"}],"about":[{"href":"https:\/\/digigreenvet-eu.org\/index.php?rest_route=\/wp\/v2\/types\/page"}],"author":[{"embeddable":true,"href":"https:\/\/digigreenvet-eu.org\/index.php?rest_route=\/wp\/v2\/users\/2"}],"replies":[{"embeddable":true,"href":"https:\/\/digigreenvet-eu.org\/index.php?rest_route=%2Fwp%2Fv2%2Fcomments&post=77"}],"version-history":[{"count":40,"href":"https:\/\/digigreenvet-eu.org\/index.php?rest_route=\/wp\/v2\/pages\/77\/revisions"}],"predecessor-version":[{"id":400,"href":"https:\/\/digigreenvet-eu.org\/index.php?rest_route=\/wp\/v2\/pages\/77\/revisions\/400"}],"wp:attachment":[{"href":"https:\/\/digigreenvet-eu.org\/index.php?rest_route=%2Fwp%2Fv2%2Fmedia&parent=77"}],"curies":[{"name":"wp","href":"https:\/\/api.w.org\/{rel}","templated":true}]}}